{"id":15025,"date":"2023-05-09T16:53:19","date_gmt":"2023-05-09T15:53:19","guid":{"rendered":"https:\/\/dataethics.eu\/softpower\/"},"modified":"2023-06-20T19:45:19","modified_gmt":"2023-06-20T18:45:19","slug":"softpower","status":"publish","type":"page","link":"https:\/\/dataethics.eu\/da\/softpower\/","title":{"rendered":"Big Tech Soft Power i Danmark"},"content":{"rendered":"<section class=\"wpb-content-wrapper\"><p>[vc_row css=&#8221;.vc_custom_1619978945334{margin-bottom: 40px !important;}&#8221;][vc_column offset=&#8221;vc_col-lg-8 vc_col-md-8 vc_col-xs-12&#8243;]<style>.ld_section_title_6a05840c47fa7 h1{margin-top:0px !important;;}<\/style><header class=\"fancy-title ld_section_title_6a05840c47fa7\">\n\t<h1>Big Tech Soft Power in Denmark<\/h1>\t\t<\/header>[vc_column_text]<\/p>\r\n<p><strong>20.6.2023. Denne rapport viser, hvordan Big Tech virksomheder har opn\u00e5et og opn\u00e5r indflydelse. Hvordan Google, Meta og Microsoft har brugt deres bl\u00f8de magt til at influere politik via akademia, medier og civilsamfund.<br \/><\/strong><\/p>\r\n<!-- \/wp:post-content -->\r\n<p><!-- wp:paragraph --><a href=\"https:\/\/dataethics.eu\/wp-content\/uploads\/2023\/06\/big-tech-soft-power-danmark-2023.pdf\" target=\"_blank\" rel=\"noreferrer noopener\">Download hele rapporten her p\u00e5 dansk<\/a><\/p>\r\n<!-- \/wp:paragraph -->\r\n<p><!-- wp:paragraph --><strong>Nedenfor nogle kapitler:<\/strong><\/p>\r\n<p><a href=\"https:\/\/dataethics.eu\/da\/seks-maader-big-tech-manifesterer-sin-soft-power\/\" target=\"_blank\" rel=\"noreferrer noopener\">Executive summary p\u00e5 dansk<\/a><\/p>\r\n<p><a href=\"https:\/\/dataethics.eu\/da\/anbefalinger-til-at-imoedegaa-soft-power-i-ai-brug-og-regulering\/\" target=\"_blank\" rel=\"noreferrer noopener\">Perspektivering &amp; anbefalinger (DK)<\/a><\/p>\r\n<p><a href=\"https:\/\/dataethics.eu\/da\/professorens-laering-som-forsker-i-sociale-medier-kan-jeg-ikke-tage-imod-penge-fra-tech-industrien\/\" target=\"_blank\" rel=\"noreferrer noopener\">&#8220;Som forsker i sociale medier kan jeg ikke tage imod penge fra tech industrien.&#8221;<\/a><\/p>\r\n<!-- \/wp:paragraph -->\r\n<p><!-- wp:paragraph --><a href=\"https:\/\/dataethics.eu\/da\/google-i-forklaedning-af-brancheorganisation-for-smaa-uafhaengige-medier\/\" target=\"_blank\" rel=\"noreferrer noopener\">Google i forkl\u00e6dning af brancheorganisation for sm\u00e5 uafh\u00e6ngige medier<\/a><\/p>\r\n<!-- \/wp:paragraph -->\r\n<p><!-- wp:paragraph --><a href=\"https:\/\/dataethics.eu\/da\/ungdomsbureauet-matcher-metas-narrativer\/\" target=\"_blank\" rel=\"noreferrer noopener\">Ungdomsbureauet matcher Metas narrativer<\/a><\/p>\r\n<p>&nbsp;<\/p>\r\n<p>Her er artikler relateret til rapporten:<br \/><a href=\"https:\/\/dataethics.eu\/da\/big-techs-soft-power-skal-under-luppen-i-bruxelles\/\">Big Tech Soft Power skal under luppen<\/a><br \/><a href=\"https:\/\/radar.dk\/artikel\/fik-en-million-af-meta-og-talte-paent-om-metaverset?check_logged_in=1\" target=\"_blank\" rel=\"noreferrer noopener\">Fik en million af Meta og talte p\u00e6nt om metaverset<\/a> (Radar)<br \/><a href=\"https:\/\/itwatch.dk\/Klummer\/article16128116.ece\" target=\"_blank\" rel=\"noopener\">S\u00e5dan har big tech opn\u00e5et bl\u00f8d, usynlig, kulturel magt i Danmark<\/a> (IT Watch)<br \/><a href=\"https:\/\/politiken.dk\/viden\/art9404486\/Rapport-beskylder-Big-Tech-for-systematisk-propaganda-i-Danmark.-Her-er-seks-af-deres-metoderne\" target=\"_blank\" rel=\"noopener\">Rapport beskylder big tech for systematisk propaganda i Danmark<\/a> (Politiken)<\/p>\r\n<p>[\/vc_column_text][\/vc_column][vc_column responsive_css=&#8221;margin_top_large:8px|margin_top_medium:8px|margin_top_small:40px&#8221; css=&#8221;.vc_custom_1687265236652{margin-top: 40px !important;}&#8221; offset=&#8221;vc_col-lg-4 vc_col-md-4 vc_col-xs-12&#8243;][vc_single_image image=&#8221;14772&#8243; img_size=&#8221;full&#8221;][vc_column_text css=&#8221;.vc_custom_1687273282969{margin-bottom: 40px !important;}&#8221;]<\/p>\r\n<div class=\"wp-block-file\"><object class=\"wp-block-file__embed\" style=\"width: 100%; height: 600px;\" data=\"https:\/\/dataethics.eu\/wp-content\/uploads\/2023\/06\/big-tech-soft-power-danmark-2023-4.pdf\" type=\"application\/pdf\" width=\"300\" height=\"150\" aria-label=\"big-tech-soft-power-danmark-2023-4\"><\/object><a id=\"wp-block-file--media-2d00db13-957a-42dc-8544-bfce231cab4e\" href=\"https:\/\/dataethics.eu\/wp-content\/uploads\/2023\/06\/big-tech-soft-power-danmark-2023-4.pdf\">big-tech-soft-power-danmark-2023-4<\/a><a class=\"wp-block-file__button wp-element-button\" href=\"https:\/\/dataethics.eu\/wp-content\/uploads\/2023\/06\/big-tech-soft-power-danmark-2023-4.pdf\" download=\"\" aria-describedby=\"wp-block-file--media-2d00db13-957a-42dc-8544-bfce231cab4e\">Download<\/a><\/div>\r\n<p>[\/vc_column_text][vc_column_text][\/vc_column_text][\/vc_column][\/vc_row]<\/p><\/section>","protected":false},"excerpt":{"rendered":"<p>[vc_row css=&#8221;.vc_custom_1619978945334{margin-bottom: 40px !important;}&#8221;][vc_column offset=&#8221;vc_col-lg-8 vc_col-md-8 vc_col-xs-12&#8243;][vc_column_text] 20.6.2023. Denne rapport viser, hvordan Big Tech virksomheder&#8230;<\/p>\n","protected":false},"author":1,"featured_media":0,"parent":0,"menu_order":0,"comment_status":"closed","ping_status":"closed","template":"","meta":{"footnotes":""},"class_list":["post-15025","page","type-page","status-publish","hentry"],"yoast_head":"<!-- This site is optimized with the Yoast SEO plugin v27.4 - https:\/\/yoast.com\/product\/yoast-seo-wordpress\/ -->\n<title>Big Tech Soft Power i Danmark &#183; Dataetisk T&aelig;nkehandletank<\/title>\n<meta name=\"robots\" content=\"index, follow, max-snippet:-1, max-image-preview:large, max-video-preview:-1\" \/>\n<link rel=\"canonical\" href=\"https:\/\/dataethics.eu\/da\/softpower\/\" \/>\n<meta property=\"og:locale\" content=\"da_DK\" \/>\n<meta property=\"og:type\" content=\"article\" \/>\n<meta property=\"og:title\" content=\"Big Tech Soft Power i Danmark &#183; Dataetisk T&aelig;nkehandletank\" \/>\n<meta property=\"og:description\" content=\"[vc_row css=&#8221;.vc_custom_1619978945334{margin-bottom: 40px !important;}&#8221;][vc_column offset=&#8221;vc_col-lg-8 vc_col-md-8 vc_col-xs-12&#8243;][vc_column_text] 20.6.2023. Denne rapport viser, hvordan Big Tech virksomheder...\" \/>\n<meta property=\"og:url\" content=\"https:\/\/dataethics.eu\/da\/softpower\/\" \/>\n<meta property=\"og:site_name\" content=\"Dataetisk T&aelig;nkehandletank\" \/>\n<meta property=\"article:modified_time\" content=\"2023-06-20T18:45:19+00:00\" \/>\n<meta property=\"og:image\" content=\"https:\/\/dataethics.eu\/wp-content\/uploads\/2021\/05\/dataethics-social-icon.png\" \/>\n\t<meta property=\"og:image:width\" content=\"1200\" \/>\n\t<meta property=\"og:image:height\" content=\"630\" \/>\n\t<meta property=\"og:image:type\" content=\"image\/png\" \/>\n<meta name=\"twitter:card\" content=\"summary_large_image\" \/>\n<meta name=\"twitter:site\" content=\"@dataethicseu\" \/>\n<meta name=\"twitter:label1\" content=\"Estimeret l\u00e6setid\" \/>\n\t<meta name=\"twitter:data1\" content=\"1 minut\" \/>\n<script type=\"application\/ld+json\" class=\"yoast-schema-graph\">{\"@context\":\"https:\\\/\\\/schema.org\",\"@graph\":[{\"@type\":\"WebPage\",\"@id\":\"https:\\\/\\\/dataethics.eu\\\/da\\\/softpower\\\/\",\"url\":\"https:\\\/\\\/dataethics.eu\\\/da\\\/softpower\\\/\",\"name\":\"Big Tech Soft Power i Danmark &#183; Dataetisk T&aelig;nkehandletank\",\"isPartOf\":{\"@id\":\"https:\\\/\\\/dataethics.eu\\\/da\\\/#website\"},\"datePublished\":\"2023-05-09T15:53:19+00:00\",\"dateModified\":\"2023-06-20T18:45:19+00:00\",\"breadcrumb\":{\"@id\":\"https:\\\/\\\/dataethics.eu\\\/da\\\/softpower\\\/#breadcrumb\"},\"inLanguage\":\"da-DK\",\"potentialAction\":[{\"@type\":\"ReadAction\",\"target\":[\"https:\\\/\\\/dataethics.eu\\\/da\\\/softpower\\\/\"]}]},{\"@type\":\"BreadcrumbList\",\"@id\":\"https:\\\/\\\/dataethics.eu\\\/da\\\/softpower\\\/#breadcrumb\",\"itemListElement\":[{\"@type\":\"ListItem\",\"position\":1,\"name\":\"Hjem\",\"item\":\"https:\\\/\\\/dataethics.eu\\\/da\\\/\"},{\"@type\":\"ListItem\",\"position\":2,\"name\":\"Big Tech Soft Power i Danmark\"}]},{\"@type\":\"WebSite\",\"@id\":\"https:\\\/\\\/dataethics.eu\\\/da\\\/#website\",\"url\":\"https:\\\/\\\/dataethics.eu\\\/da\\\/\",\"name\":\"Dataetisk T\u00e6nkehandletank\",\"description\":\"Alt om data-etik\",\"publisher\":{\"@id\":\"https:\\\/\\\/dataethics.eu\\\/da\\\/#organization\"},\"potentialAction\":[{\"@type\":\"SearchAction\",\"target\":{\"@type\":\"EntryPoint\",\"urlTemplate\":\"https:\\\/\\\/dataethics.eu\\\/da\\\/?s={search_term_string}\"},\"query-input\":{\"@type\":\"PropertyValueSpecification\",\"valueRequired\":true,\"valueName\":\"search_term_string\"}}],\"inLanguage\":\"da-DK\"},{\"@type\":\"Organization\",\"@id\":\"https:\\\/\\\/dataethics.eu\\\/da\\\/#organization\",\"name\":\"Data Ethics\",\"url\":\"https:\\\/\\\/dataethics.eu\\\/da\\\/\",\"logo\":{\"@type\":\"ImageObject\",\"inLanguage\":\"da-DK\",\"@id\":\"https:\\\/\\\/dataethics.eu\\\/da\\\/#\\\/schema\\\/logo\\\/image\\\/\",\"url\":\"https:\\\/\\\/dataethics.eu\\\/wp-content\\\/uploads\\\/2021\\\/04\\\/logo_yellow.png\",\"contentUrl\":\"https:\\\/\\\/dataethics.eu\\\/wp-content\\\/uploads\\\/2021\\\/04\\\/logo_yellow.png\",\"width\":124,\"height\":151,\"caption\":\"Data Ethics\"},\"image\":{\"@id\":\"https:\\\/\\\/dataethics.eu\\\/da\\\/#\\\/schema\\\/logo\\\/image\\\/\"},\"sameAs\":[\"https:\\\/\\\/x.com\\\/dataethicseu\"]}]}<\/script>\n<!-- \/ Yoast SEO plugin. -->","yoast_head_json":{"title":"Big Tech Soft Power i Danmark &#183; Dataetisk T&aelig;nkehandletank","robots":{"index":"index","follow":"follow","max-snippet":"max-snippet:-1","max-image-preview":"max-image-preview:large","max-video-preview":"max-video-preview:-1"},"canonical":"https:\/\/dataethics.eu\/da\/softpower\/","og_locale":"da_DK","og_type":"article","og_title":"Big Tech Soft Power i Danmark &#183; Dataetisk T&aelig;nkehandletank","og_description":"[vc_row css=&#8221;.vc_custom_1619978945334{margin-bottom: 40px !important;}&#8221;][vc_column offset=&#8221;vc_col-lg-8 vc_col-md-8 vc_col-xs-12&#8243;][vc_column_text] 20.6.2023. Denne rapport viser, hvordan Big Tech virksomheder...","og_url":"https:\/\/dataethics.eu\/da\/softpower\/","og_site_name":"Dataetisk T&aelig;nkehandletank","article_modified_time":"2023-06-20T18:45:19+00:00","og_image":[{"width":1200,"height":630,"url":"https:\/\/dataethics.eu\/wp-content\/uploads\/2021\/05\/dataethics-social-icon.png","type":"image\/png"}],"twitter_card":"summary_large_image","twitter_site":"@dataethicseu","twitter_misc":{"Estimeret l\u00e6setid":"1 minut"},"schema":{"@context":"https:\/\/schema.org","@graph":[{"@type":"WebPage","@id":"https:\/\/dataethics.eu\/da\/softpower\/","url":"https:\/\/dataethics.eu\/da\/softpower\/","name":"Big Tech Soft Power i Danmark &#183; Dataetisk T&aelig;nkehandletank","isPartOf":{"@id":"https:\/\/dataethics.eu\/da\/#website"},"datePublished":"2023-05-09T15:53:19+00:00","dateModified":"2023-06-20T18:45:19+00:00","breadcrumb":{"@id":"https:\/\/dataethics.eu\/da\/softpower\/#breadcrumb"},"inLanguage":"da-DK","potentialAction":[{"@type":"ReadAction","target":["https:\/\/dataethics.eu\/da\/softpower\/"]}]},{"@type":"BreadcrumbList","@id":"https:\/\/dataethics.eu\/da\/softpower\/#breadcrumb","itemListElement":[{"@type":"ListItem","position":1,"name":"Hjem","item":"https:\/\/dataethics.eu\/da\/"},{"@type":"ListItem","position":2,"name":"Big Tech Soft Power i Danmark"}]},{"@type":"WebSite","@id":"https:\/\/dataethics.eu\/da\/#website","url":"https:\/\/dataethics.eu\/da\/","name":"Dataetisk T\u00e6nkehandletank","description":"Alt om data-etik","publisher":{"@id":"https:\/\/dataethics.eu\/da\/#organization"},"potentialAction":[{"@type":"SearchAction","target":{"@type":"EntryPoint","urlTemplate":"https:\/\/dataethics.eu\/da\/?s={search_term_string}"},"query-input":{"@type":"PropertyValueSpecification","valueRequired":true,"valueName":"search_term_string"}}],"inLanguage":"da-DK"},{"@type":"Organization","@id":"https:\/\/dataethics.eu\/da\/#organization","name":"Data Ethics","url":"https:\/\/dataethics.eu\/da\/","logo":{"@type":"ImageObject","inLanguage":"da-DK","@id":"https:\/\/dataethics.eu\/da\/#\/schema\/logo\/image\/","url":"https:\/\/dataethics.eu\/wp-content\/uploads\/2021\/04\/logo_yellow.png","contentUrl":"https:\/\/dataethics.eu\/wp-content\/uploads\/2021\/04\/logo_yellow.png","width":124,"height":151,"caption":"Data Ethics"},"image":{"@id":"https:\/\/dataethics.eu\/da\/#\/schema\/logo\/image\/"},"sameAs":["https:\/\/x.com\/dataethicseu"]}]}},"_links":{"self":[{"href":"https:\/\/dataethics.eu\/da\/wp-json\/wp\/v2\/pages\/15025","targetHints":{"allow":["GET"]}}],"collection":[{"href":"https:\/\/dataethics.eu\/da\/wp-json\/wp\/v2\/pages"}],"about":[{"href":"https:\/\/dataethics.eu\/da\/wp-json\/wp\/v2\/types\/page"}],"author":[{"embeddable":true,"href":"https:\/\/dataethics.eu\/da\/wp-json\/wp\/v2\/users\/1"}],"replies":[{"embeddable":true,"href":"https:\/\/dataethics.eu\/da\/wp-json\/wp\/v2\/comments?post=15025"}],"version-history":[{"count":17,"href":"https:\/\/dataethics.eu\/da\/wp-json\/wp\/v2\/pages\/15025\/revisions"}],"predecessor-version":[{"id":15062,"href":"https:\/\/dataethics.eu\/da\/wp-json\/wp\/v2\/pages\/15025\/revisions\/15062"}],"wp:attachment":[{"href":"https:\/\/dataethics.eu\/da\/wp-json\/wp\/v2\/media?parent=15025"}],"curies":[{"name":"wp","href":"https:\/\/api.w.org\/{rel}","templated":true}]}}